{"id":6097,"date":"2025-07-18T14:49:01","date_gmt":"2025-07-18T14:49:01","guid":{"rendered":"https:\/\/www.rokytka.net\/apt-217\/"},"modified":"2025-08-26T08:09:02","modified_gmt":"2025-08-26T08:09:02","slug":"apt-217","status":"publish","type":"page","link":"https:\/\/www.rokytka.net\/de\/apt-217\/","title":{"rendered":"APT 217"},"content":{"rendered":"<p><div class=\"fusion-fullwidth fullwidth-box fusion-builder-row-1 fusion-flex-container nonhundred-percent-fullwidth non-hundred-percent-height-scrolling fusion-animated\" style=\"--awb-background-position:left top;--awb-border-sizes-top:0px;--awb-border-sizes-bottom:0px;--awb-border-sizes-left:0px;--awb-border-sizes-right:0px;--awb-border-radius-top-left:0px;--awb-border-radius-top-right:0px;--awb-border-radius-bottom-right:0px;--awb-border-radius-bottom-left:0px;--awb-padding-top:0px;--awb-padding-bottom:0px;--awb-margin-bottom:120px;--awb-margin-bottom-medium:80px;--awb-margin-bottom-small:60px;--awb-flex-wrap:wrap;\" data-animationType=\"fadeInUp\" data-animationDuration=\"1.3\" data-animationOffset=\"top-into-view\" ><div class=\"fusion-builder-row fusion-row fusion-flex-align-items-flex-start fusion-flex-content-wrap\" style=\"max-width:calc( 1170px + 60px );margin-left: calc(-60px \/ 2 );margin-right: calc(-60px \/ 2 );\"><div class=\"fusion-layout-column fusion_builder_column fusion-builder-column-0 fusion_builder_column_1_1 1_1 fusion-flex-column fusion-flex-align-self-flex-start fusion-column-no-min-height\" style=\"--awb-bg-blend:overlay;--awb-bg-size:cover;--awb-width-large:100%;--awb-margin-top-large:0px;--awb-spacing-right-large:30px;--awb-margin-bottom-large:65px;--awb-spacing-left-large:30px;--awb-width-medium:100%;--awb-spacing-right-medium:30px;--awb-margin-bottom-medium:35px;--awb-spacing-left-medium:30px;--awb-width-small:100%;--awb-spacing-right-small:30px;--awb-spacing-left-small:30px;\"><div class=\"fusion-column-wrapper fusion-flex-justify-content-flex-start fusion-content-layout-column\"><div class=\"fusion-title title fusion-title-1 fusion-title-center fusion-title-text fusion-title-size-two\" style=\"--awb-margin-bottom:20px;\"><div class=\"title-sep-container title-sep-container-left\"><div class=\"title-sep sep- sep-solid\" style=\"border-color:var(--awb-color3);\"><\/div><\/div><span class=\"awb-title-spacer\"><\/span><h2 class=\"fusion-title-heading title-heading-center fusion-responsive-typography-calculated\" style=\"margin:0;text-transform:capitalize;--fontSize:42;line-height:var(--awb-typography1-line-height);\">Wohnung Nr. 217<\/h2><span class=\"awb-title-spacer\"><\/span><div class=\"title-sep-container title-sep-container-right\"><div class=\"title-sep sep- sep-solid\" style=\"border-color:var(--awb-color3);\"><\/div><\/div><\/div><div class=\"fusion-text fusion-text-1 fusion-text-no-margin\" style=\"--awb-content-alignment:center;--awb-margin-right:10%;--awb-margin-left:10%;\"><p>35 m2 &#8211;<span style=\"letter-spacing: 0.285px; background-color: rgba(0, 0, 0, 0);\">2 + Kochnische 4 + (2) Betten. Modern eingerichtete Wohnung im 2. Stock des Geb\u00e4udes A mit kompletter Ausstattung. Geeignet f\u00fcr 4-6 Personen. Sie k\u00f6nnen auf einem reservierten Parkplatz im Freien parken.<\/span><\/p>\n<\/div><\/div><\/div><div class=\"fusion-layout-column fusion_builder_column fusion-builder-column-1 fusion_builder_column_1_3 1_3 fusion-flex-column\" style=\"--awb-bg-blend:overlay;--awb-bg-size:cover;--awb-width-large:33.333333333333%;--awb-margin-top-large:0px;--awb-spacing-right-large:calc( 0.06 * calc( 100% - 60px ) );--awb-margin-bottom-large:0px;--awb-spacing-left-large:30px;--awb-width-medium:33.333333333333%;--awb-spacing-right-medium:calc( 0.06 * calc( 100% - 60px ) );--awb-spacing-left-medium:30px;--awb-width-small:100%;--awb-spacing-right-small:30px;--awb-margin-bottom-small:60px;--awb-spacing-left-small:30px;\"><div class=\"fusion-column-wrapper fusion-flex-justify-content-flex-start fusion-content-layout-column\"><div class=\"fusion-text fusion-text-2\"><div style=\"text-align: center;\"><span style=\"letter-spacing: 0.285px; background-color: rgba(0, 0, 0, 0);\">Wohnung 217<\/span><\/div>\n<p><span style=\"letter-spacing: 0.285px; background-color: rgba(0, 0, 0, 0);\"><\/p>\n<div style=\"text-align: center;\"><span style=\"background-color: rgba(0, 0, 0, 0); letter-spacing: 0.285px;\">+420 776 004 522<\/span><\/div>\n<p><\/span><span style=\"letter-spacing: 0.285px; background-color: rgba(0, 0, 0, 0);\"><\/p>\n<div style=\"text-align: center;\"><span style=\"background-color: rgba(0, 0, 0, 0); letter-spacing: 0.285px;\">217@rokytka.net<\/span><\/div>\n<p><\/span><\/p>\n<p style=\"text-align: center;\"><span style=\"letter-spacing: 0.285px; text-align: start; background-color: rgba(0, 0, 0, 0);\"> <\/span><\/p>\n<\/div><div style=\"text-align:center;\"><a class=\"fusion-button button-flat fusion-button-default-size button-default fusion-button-default button-1 fusion-button-default-span fusion-button-default-type\" target=\"_self\" href=\"https:\/\/www.rokytka.net\/de\/reservierungen\/\"><span class=\"fusion-button-text awb-button__text awb-button__text--default\">RESERVIERUNG \/ BUCHUNG<\/span><\/a><\/div><\/div><\/div><div class=\"fusion-layout-column fusion_builder_column fusion-builder-column-2 fusion_builder_column_2_3 2_3 fusion-flex-column\" style=\"--awb-bg-blend:overlay;--awb-bg-size:cover;--awb-width-large:66.666666666667%;--awb-margin-top-large:0px;--awb-spacing-right-large:30px;--awb-margin-bottom-large:0px;--awb-spacing-left-large:calc( 0.03 * calc( 100% - 60px ) );--awb-width-medium:33.333333333333%;--awb-spacing-right-medium:30px;--awb-spacing-left-medium:calc( 0.06 * calc( 100% - 60px ) );--awb-width-small:100%;--awb-spacing-right-small:30px;--awb-spacing-left-small:30px;\"><div class=\"fusion-column-wrapper fusion-flex-justify-content-flex-start fusion-content-layout-column\"><div class=\"awb-gallery-wrapper awb-gallery-wrapper-1 button-span-no\" style=\"--more-btn-alignment:center;\"><div style=\"margin:-5px;--awb-bordersize:0px;\" class=\"fusion-gallery fusion-gallery-container fusion-grid-3 fusion-columns-total-9 fusion-gallery-layout-grid fusion-gallery-1\"><div style=\"padding:5px;\" class=\"fusion-grid-column fusion-gallery-column fusion-gallery-column-3 hover-type-none\"><div class=\"fusion-gallery-image\"><a href=\"https:\/\/www.rokytka.net\/wp-content\/uploads\/2025\/07\/60360152-1-350x523-1.jpg\" rel=\"noreferrer\" data-rel=\"iLightbox[gallery_image_1]\" class=\"fusion-lightbox\" target=\"_self\"><img decoding=\"async\" src=\"https:\/\/www.rokytka.net\/wp-content\/uploads\/2025\/07\/60360152-1-350x523-1.jpg\" data-orig-src=\"https:\/\/www.rokytka.net\/wp-content\/uploads\/2025\/07\/60360152-1-350x523-1.jpg\" width=\"350\" height=\"523\" alt=\"\" title=\"60360152-1-350&#215;523\" aria-label=\"60360152-1-350&#215;523\" class=\"lazyload img-responsive wp-image-5803\" srcset=\"data:image\/svg+xml,%3Csvg%20xmlns%3D%27http%3A%2F%2Fwww.w3.org%2F2000%2Fsvg%27%20width%3D%27350%27%20height%3D%27523%27%20viewBox%3D%270%200%20350%20523%27%3E%3Crect%20width%3D%27350%27%20height%3D%27523%27%20fill-opacity%3D%220%22%2F%3E%3C%2Fsvg%3E\" data-srcset=\"https:\/\/www.rokytka.net\/wp-content\/uploads\/2025\/07\/60360152-1-350x523-1-200x299.jpg 200w, https:\/\/www.rokytka.net\/wp-content\/uploads\/2025\/07\/60360152-1-350x523-1.jpg 350w\" data-sizes=\"auto\" data-orig-sizes=\"(min-width: 2200px) 100vw, (min-width: 824px) 387px, (min-width: 732px) 580px, (min-width: 640px) 732px, \" \/><\/a><\/div><\/div><div style=\"padding:5px;\" class=\"fusion-grid-column fusion-gallery-column fusion-gallery-column-3 hover-type-none\"><div class=\"fusion-gallery-image\"><a href=\"https:\/\/www.rokytka.net\/wp-content\/uploads\/2025\/07\/60360155-1.jpg\" rel=\"noreferrer\" data-rel=\"iLightbox[gallery_image_1]\" class=\"fusion-lightbox\" target=\"_self\"><img decoding=\"async\" src=\"https:\/\/www.rokytka.net\/wp-content\/uploads\/2025\/07\/60360155-1.jpg\" data-orig-src=\"https:\/\/www.rokytka.net\/wp-content\/uploads\/2025\/07\/60360155-1.jpg\" width=\"1024\" height=\"685\" alt=\"\" title=\"60360155-1\" aria-label=\"60360155-1\" class=\"lazyload img-responsive wp-image-5811\" srcset=\"data:image\/svg+xml,%3Csvg%20xmlns%3D%27http%3A%2F%2Fwww.w3.org%2F2000%2Fsvg%27%20width%3D%271024%27%20height%3D%27685%27%20viewBox%3D%270%200%201024%20685%27%3E%3Crect%20width%3D%271024%27%20height%3D%27685%27%20fill-opacity%3D%220%22%2F%3E%3C%2Fsvg%3E\" data-srcset=\"https:\/\/www.rokytka.net\/wp-content\/uploads\/2025\/07\/60360155-1-200x134.jpg 200w, https:\/\/www.rokytka.net\/wp-content\/uploads\/2025\/07\/60360155-1-400x268.jpg 400w, https:\/\/www.rokytka.net\/wp-content\/uploads\/2025\/07\/60360155-1-600x401.jpg 600w, https:\/\/www.rokytka.net\/wp-content\/uploads\/2025\/07\/60360155-1-800x535.jpg 800w, https:\/\/www.rokytka.net\/wp-content\/uploads\/2025\/07\/60360155-1.jpg 1024w\" data-sizes=\"auto\" data-orig-sizes=\"(min-width: 2200px) 100vw, (min-width: 824px) 387px, (min-width: 732px) 580px, (min-width: 640px) 732px, \" \/><\/a><\/div><\/div><div style=\"padding:5px;\" class=\"fusion-grid-column fusion-gallery-column fusion-gallery-column-3 hover-type-none\"><div class=\"fusion-gallery-image\"><a href=\"https:\/\/www.rokytka.net\/wp-content\/uploads\/2025\/07\/60360101-1.jpg\" rel=\"noreferrer\" data-rel=\"iLightbox[gallery_image_1]\" class=\"fusion-lightbox\" target=\"_self\"><img decoding=\"async\" src=\"https:\/\/www.rokytka.net\/wp-content\/uploads\/2025\/07\/60360101-1.jpg\" data-orig-src=\"https:\/\/www.rokytka.net\/wp-content\/uploads\/2025\/07\/60360101-1.jpg\" width=\"685\" height=\"1024\" alt=\"\" title=\"60360101-1\" aria-label=\"60360101-1\" class=\"lazyload img-responsive wp-image-5771\" srcset=\"data:image\/svg+xml,%3Csvg%20xmlns%3D%27http%3A%2F%2Fwww.w3.org%2F2000%2Fsvg%27%20width%3D%27685%27%20height%3D%271024%27%20viewBox%3D%270%200%20685%201024%27%3E%3Crect%20width%3D%27685%27%20height%3D%271024%27%20fill-opacity%3D%220%22%2F%3E%3C%2Fsvg%3E\" data-srcset=\"https:\/\/www.rokytka.net\/wp-content\/uploads\/2025\/07\/60360101-1-200x299.jpg 200w, https:\/\/www.rokytka.net\/wp-content\/uploads\/2025\/07\/60360101-1-400x598.jpg 400w, https:\/\/www.rokytka.net\/wp-content\/uploads\/2025\/07\/60360101-1-600x897.jpg 600w, https:\/\/www.rokytka.net\/wp-content\/uploads\/2025\/07\/60360101-1.jpg 685w\" data-sizes=\"auto\" data-orig-sizes=\"(min-width: 2200px) 100vw, (min-width: 824px) 387px, (min-width: 732px) 580px, (min-width: 640px) 732px, \" \/><\/a><\/div><\/div><div class=\"clearfix\"><\/div><div style=\"padding:5px;\" class=\"fusion-grid-column fusion-gallery-column fusion-gallery-column-3 hover-type-none\"><div class=\"fusion-gallery-image\"><a href=\"https:\/\/www.rokytka.net\/wp-content\/uploads\/2025\/07\/60360113-1-685x1024-1.jpg\" rel=\"noreferrer\" data-rel=\"iLightbox[gallery_image_1]\" class=\"fusion-lightbox\" target=\"_self\"><img decoding=\"async\" src=\"https:\/\/www.rokytka.net\/wp-content\/uploads\/2025\/07\/60360113-1-685x1024-1.jpg\" data-orig-src=\"https:\/\/www.rokytka.net\/wp-content\/uploads\/2025\/07\/60360113-1-685x1024-1.jpg\" width=\"685\" height=\"1024\" alt=\"\" title=\"60360113-1-685&#215;1024\" aria-label=\"60360113-1-685&#215;1024\" class=\"lazyload img-responsive wp-image-5779\" srcset=\"data:image\/svg+xml,%3Csvg%20xmlns%3D%27http%3A%2F%2Fwww.w3.org%2F2000%2Fsvg%27%20width%3D%27685%27%20height%3D%271024%27%20viewBox%3D%270%200%20685%201024%27%3E%3Crect%20width%3D%27685%27%20height%3D%271024%27%20fill-opacity%3D%220%22%2F%3E%3C%2Fsvg%3E\" data-srcset=\"https:\/\/www.rokytka.net\/wp-content\/uploads\/2025\/07\/60360113-1-685x1024-1-200x299.jpg 200w, https:\/\/www.rokytka.net\/wp-content\/uploads\/2025\/07\/60360113-1-685x1024-1-400x598.jpg 400w, https:\/\/www.rokytka.net\/wp-content\/uploads\/2025\/07\/60360113-1-685x1024-1-600x897.jpg 600w, https:\/\/www.rokytka.net\/wp-content\/uploads\/2025\/07\/60360113-1-685x1024-1.jpg 685w\" data-sizes=\"auto\" data-orig-sizes=\"(min-width: 2200px) 100vw, (min-width: 824px) 387px, (min-width: 732px) 580px, (min-width: 640px) 732px, \" \/><\/a><\/div><\/div><div style=\"padding:5px;\" class=\"fusion-grid-column fusion-gallery-column fusion-gallery-column-3 hover-type-none\"><div class=\"fusion-gallery-image\"><a href=\"https:\/\/www.rokytka.net\/wp-content\/uploads\/2025\/07\/60360114-1.jpg\" rel=\"noreferrer\" data-rel=\"iLightbox[gallery_image_1]\" class=\"fusion-lightbox\" target=\"_self\"><img decoding=\"async\" src=\"https:\/\/www.rokytka.net\/wp-content\/uploads\/2025\/07\/60360114-1.jpg\" data-orig-src=\"https:\/\/www.rokytka.net\/wp-content\/uploads\/2025\/07\/60360114-1.jpg\" width=\"685\" height=\"1024\" alt=\"\" title=\"60360114-1\" aria-label=\"60360114-1\" class=\"lazyload img-responsive wp-image-5783\" srcset=\"data:image\/svg+xml,%3Csvg%20xmlns%3D%27http%3A%2F%2Fwww.w3.org%2F2000%2Fsvg%27%20width%3D%27685%27%20height%3D%271024%27%20viewBox%3D%270%200%20685%201024%27%3E%3Crect%20width%3D%27685%27%20height%3D%271024%27%20fill-opacity%3D%220%22%2F%3E%3C%2Fsvg%3E\" data-srcset=\"https:\/\/www.rokytka.net\/wp-content\/uploads\/2025\/07\/60360114-1-200x299.jpg 200w, https:\/\/www.rokytka.net\/wp-content\/uploads\/2025\/07\/60360114-1-400x598.jpg 400w, https:\/\/www.rokytka.net\/wp-content\/uploads\/2025\/07\/60360114-1-600x897.jpg 600w, https:\/\/www.rokytka.net\/wp-content\/uploads\/2025\/07\/60360114-1.jpg 685w\" data-sizes=\"auto\" data-orig-sizes=\"(min-width: 2200px) 100vw, (min-width: 824px) 387px, (min-width: 732px) 580px, (min-width: 640px) 732px, \" \/><\/a><\/div><\/div><div style=\"padding:5px;\" class=\"fusion-grid-column fusion-gallery-column fusion-gallery-column-3 hover-type-none\"><div class=\"fusion-gallery-image\"><a href=\"https:\/\/www.rokytka.net\/wp-content\/uploads\/2025\/07\/60360115-1.jpg\" rel=\"noreferrer\" data-rel=\"iLightbox[gallery_image_1]\" class=\"fusion-lightbox\" target=\"_self\"><img decoding=\"async\" src=\"https:\/\/www.rokytka.net\/wp-content\/uploads\/2025\/07\/60360115-1.jpg\" data-orig-src=\"https:\/\/www.rokytka.net\/wp-content\/uploads\/2025\/07\/60360115-1.jpg\" width=\"685\" height=\"1024\" alt=\"\" title=\"60360115-1\" aria-label=\"60360115-1\" class=\"lazyload img-responsive wp-image-5787\" srcset=\"data:image\/svg+xml,%3Csvg%20xmlns%3D%27http%3A%2F%2Fwww.w3.org%2F2000%2Fsvg%27%20width%3D%27685%27%20height%3D%271024%27%20viewBox%3D%270%200%20685%201024%27%3E%3Crect%20width%3D%27685%27%20height%3D%271024%27%20fill-opacity%3D%220%22%2F%3E%3C%2Fsvg%3E\" data-srcset=\"https:\/\/www.rokytka.net\/wp-content\/uploads\/2025\/07\/60360115-1-200x299.jpg 200w, https:\/\/www.rokytka.net\/wp-content\/uploads\/2025\/07\/60360115-1-400x598.jpg 400w, https:\/\/www.rokytka.net\/wp-content\/uploads\/2025\/07\/60360115-1-600x897.jpg 600w, https:\/\/www.rokytka.net\/wp-content\/uploads\/2025\/07\/60360115-1.jpg 685w\" data-sizes=\"auto\" data-orig-sizes=\"(min-width: 2200px) 100vw, (min-width: 824px) 387px, (min-width: 732px) 580px, (min-width: 640px) 732px, \" \/><\/a><\/div><\/div><div class=\"clearfix\"><\/div><div style=\"padding:5px;\" class=\"fusion-grid-column fusion-gallery-column fusion-gallery-column-3 hover-type-none\"><div class=\"fusion-gallery-image\"><a href=\"https:\/\/www.rokytka.net\/wp-content\/uploads\/2025\/07\/60360131-1.jpg\" rel=\"noreferrer\" data-rel=\"iLightbox[gallery_image_1]\" class=\"fusion-lightbox\" target=\"_self\"><img decoding=\"async\" src=\"https:\/\/www.rokytka.net\/wp-content\/uploads\/2025\/07\/60360131-1.jpg\" data-orig-src=\"https:\/\/www.rokytka.net\/wp-content\/uploads\/2025\/07\/60360131-1.jpg\" width=\"685\" height=\"1024\" alt=\"\" title=\"60360131-1\" aria-label=\"60360131-1\" class=\"lazyload img-responsive wp-image-5795\" srcset=\"data:image\/svg+xml,%3Csvg%20xmlns%3D%27http%3A%2F%2Fwww.w3.org%2F2000%2Fsvg%27%20width%3D%27685%27%20height%3D%271024%27%20viewBox%3D%270%200%20685%201024%27%3E%3Crect%20width%3D%27685%27%20height%3D%271024%27%20fill-opacity%3D%220%22%2F%3E%3C%2Fsvg%3E\" data-srcset=\"https:\/\/www.rokytka.net\/wp-content\/uploads\/2025\/07\/60360131-1-200x299.jpg 200w, https:\/\/www.rokytka.net\/wp-content\/uploads\/2025\/07\/60360131-1-400x598.jpg 400w, https:\/\/www.rokytka.net\/wp-content\/uploads\/2025\/07\/60360131-1-600x897.jpg 600w, https:\/\/www.rokytka.net\/wp-content\/uploads\/2025\/07\/60360131-1.jpg 685w\" data-sizes=\"auto\" data-orig-sizes=\"(min-width: 2200px) 100vw, (min-width: 824px) 387px, (min-width: 732px) 580px, (min-width: 640px) 732px, \" \/><\/a><\/div><\/div><div style=\"padding:5px;\" class=\"fusion-grid-column fusion-gallery-column fusion-gallery-column-3 hover-type-none\"><div class=\"fusion-gallery-image\"><a href=\"https:\/\/www.rokytka.net\/wp-content\/uploads\/2025\/07\/60360122-1.jpg\" rel=\"noreferrer\" data-rel=\"iLightbox[gallery_image_1]\" class=\"fusion-lightbox\" target=\"_self\"><img decoding=\"async\" src=\"https:\/\/www.rokytka.net\/wp-content\/uploads\/2025\/07\/60360122-1.jpg\" data-orig-src=\"https:\/\/www.rokytka.net\/wp-content\/uploads\/2025\/07\/60360122-1.jpg\" width=\"685\" height=\"1024\" alt=\"\" title=\"60360122-1\" aria-label=\"60360122-1\" class=\"lazyload img-responsive wp-image-5791\" srcset=\"data:image\/svg+xml,%3Csvg%20xmlns%3D%27http%3A%2F%2Fwww.w3.org%2F2000%2Fsvg%27%20width%3D%27685%27%20height%3D%271024%27%20viewBox%3D%270%200%20685%201024%27%3E%3Crect%20width%3D%27685%27%20height%3D%271024%27%20fill-opacity%3D%220%22%2F%3E%3C%2Fsvg%3E\" data-srcset=\"https:\/\/www.rokytka.net\/wp-content\/uploads\/2025\/07\/60360122-1-200x299.jpg 200w, https:\/\/www.rokytka.net\/wp-content\/uploads\/2025\/07\/60360122-1-400x598.jpg 400w, https:\/\/www.rokytka.net\/wp-content\/uploads\/2025\/07\/60360122-1-600x897.jpg 600w, https:\/\/www.rokytka.net\/wp-content\/uploads\/2025\/07\/60360122-1.jpg 685w\" data-sizes=\"auto\" data-orig-sizes=\"(min-width: 2200px) 100vw, (min-width: 824px) 387px, (min-width: 732px) 580px, (min-width: 640px) 732px, \" \/><\/a><\/div><\/div><div style=\"padding:5px;\" class=\"fusion-grid-column fusion-gallery-column fusion-gallery-column-3 hover-type-none\"><div class=\"fusion-gallery-image\"><a href=\"https:\/\/www.rokytka.net\/wp-content\/uploads\/2025\/07\/60360099-1.jpg\" rel=\"noreferrer\" data-rel=\"iLightbox[gallery_image_1]\" class=\"fusion-lightbox\" target=\"_self\"><img decoding=\"async\" src=\"https:\/\/www.rokytka.net\/wp-content\/uploads\/2025\/07\/60360099-1.jpg\" data-orig-src=\"https:\/\/www.rokytka.net\/wp-content\/uploads\/2025\/07\/60360099-1.jpg\" width=\"685\" height=\"1024\" alt=\"\" title=\"60360099-1\" aria-label=\"60360099-1\" class=\"lazyload img-responsive wp-image-5767\" srcset=\"data:image\/svg+xml,%3Csvg%20xmlns%3D%27http%3A%2F%2Fwww.w3.org%2F2000%2Fsvg%27%20width%3D%27685%27%20height%3D%271024%27%20viewBox%3D%270%200%20685%201024%27%3E%3Crect%20width%3D%27685%27%20height%3D%271024%27%20fill-opacity%3D%220%22%2F%3E%3C%2Fsvg%3E\" data-srcset=\"https:\/\/www.rokytka.net\/wp-content\/uploads\/2025\/07\/60360099-1-200x299.jpg 200w, https:\/\/www.rokytka.net\/wp-content\/uploads\/2025\/07\/60360099-1-400x598.jpg 400w, https:\/\/www.rokytka.net\/wp-content\/uploads\/2025\/07\/60360099-1-600x897.jpg 600w, https:\/\/www.rokytka.net\/wp-content\/uploads\/2025\/07\/60360099-1.jpg 685w\" data-sizes=\"auto\" data-orig-sizes=\"(min-width: 2200px) 100vw, (min-width: 824px) 387px, (min-width: 732px) 580px, (min-width: 640px) 732px, \" \/><\/a><\/div><\/div><div class=\"clearfix\"><\/div><\/div><\/div><\/div><\/div><\/div><\/div><div class=\"fusion-fullwidth fullwidth-box fusion-builder-row-2 fusion-flex-container nonhundred-percent-fullwidth non-hundred-percent-height-scrolling fusion-animated\" style=\"--awb-background-position:left top;--awb-border-sizes-top:0px;--awb-border-sizes-bottom:0px;--awb-border-sizes-left:0px;--awb-border-sizes-right:0px;--awb-border-radius-top-left:0px;--awb-border-radius-top-right:0px;--awb-border-radius-bottom-right:0px;--awb-border-radius-bottom-left:0px;--awb-padding-top:0px;--awb-padding-bottom:0px;--awb-margin-bottom:120px;--awb-margin-bottom-medium:80px;--awb-margin-bottom-small:60px;--awb-flex-wrap:wrap;\" data-animationType=\"fadeInUp\" data-animationDuration=\"1.3\" data-animationOffset=\"top-into-view\" ><div class=\"fusion-builder-row fusion-row fusion-flex-align-items-flex-start fusion-flex-content-wrap\" style=\"max-width:calc( 1170px + 60px );margin-left: calc(-60px \/ 2 );margin-right: calc(-60px \/ 2 );\"><div class=\"fusion-layout-column fusion_builder_column fusion-builder-column-3 fusion_builder_column_1_1 1_1 fusion-flex-column fusion-flex-align-self-flex-start fusion-column-no-min-height\" style=\"--awb-bg-blend:overlay;--awb-bg-size:cover;--awb-width-large:100%;--awb-margin-top-large:0px;--awb-spacing-right-large:30px;--awb-margin-bottom-large:65px;--awb-spacing-left-large:30px;--awb-width-medium:100%;--awb-spacing-right-medium:30px;--awb-margin-bottom-medium:35px;--awb-spacing-left-medium:30px;--awb-width-small:100%;--awb-spacing-right-small:30px;--awb-spacing-left-small:30px;\"><div class=\"fusion-column-wrapper fusion-flex-justify-content-flex-start fusion-content-layout-column\"><div class=\"fusion-text fusion-text-3 fusion-text-no-margin\" style=\"--awb-content-alignment:center;--awb-margin-right:10%;--awb-margin-left:10%;\"><p>Wohnzimmer:  <\/p>\n<p>zwei Schlafsofas, Smart TV mit Internetanschluss<\/p>\n<p>K\u00fcche:  <\/p>\n<p>K\u00fcchenzeile, komplett ausgestattet mit Geschirr, Esstisch f\u00fcr 4 Personen, Herd, K\u00fchlschrank, Mikrowelle, Wasserkocher, Toaster und Toaster<\/p>\n<p>Schlafzimmer:  <\/p>\n<p>4 Betten, ger\u00e4umiger Kleiderschrank, Schrank, Schlie\u00dffach, Radio, DVD und CD<\/p>\n<p>Das Vorzimmer:  <\/p>\n<p>ger\u00e4umiger Kleiderschrank, gro\u00dfer Spiegel, Kleiderb\u00fcgel, Schuhregal und Staubsauger<\/p>\n<p>Badezimmer\/WC:  <\/p>\n<p>Dusche, Waschbecken mit Spiegel, Toilette, Haartrockner, W\u00e4schetrockner<\/p>\n<p>Terrasse :  <\/p>\n<p>Tisch und Klappst\u00fchle<\/p>\n<p>Fazit:  <\/p>\n<p>Verleih von Kinderschlitten, Bobs und Gleitern, Unterbringung von Skiern und Fahrr\u00e4dern<\/p>\n<p>Reservierter Parkplatz im Freien:  <\/p>\n<p>Ein Parkplatz ist direkt vor dem Haus reserviert (in der Wintersaison gegen einen Aufpreis)<\/p>\n<\/div><\/div><\/div><\/div><\/div><\/p>\n","protected":false},"excerpt":{"rendered":"","protected":false},"author":1,"featured_media":5649,"parent":0,"menu_order":0,"comment_status":"closed","ping_status":"closed","template":"100-width.php","meta":{"footnotes":""},"class_list":["post-6097","page","type-page","status-publish","has-post-thumbnail","hentry"],"_links":{"self":[{"href":"https:\/\/www.rokytka.net\/de\/wp-json\/wp\/v2\/pages\/6097","targetHints":{"allow":["GET"]}}],"collection":[{"href":"https:\/\/www.rokytka.net\/de\/wp-json\/wp\/v2\/pages"}],"about":[{"href":"https:\/\/www.rokytka.net\/de\/wp-json\/wp\/v2\/types\/page"}],"author":[{"embeddable":true,"href":"https:\/\/www.rokytka.net\/de\/wp-json\/wp\/v2\/users\/1"}],"replies":[{"embeddable":true,"href":"https:\/\/www.rokytka.net\/de\/wp-json\/wp\/v2\/comments?post=6097"}],"version-history":[{"count":0,"href":"https:\/\/www.rokytka.net\/de\/wp-json\/wp\/v2\/pages\/6097\/revisions"}],"wp:featuredmedia":[{"embeddable":true,"href":"https:\/\/www.rokytka.net\/de\/wp-json\/wp\/v2\/media\/5649"}],"wp:attachment":[{"href":"https:\/\/www.rokytka.net\/de\/wp-json\/wp\/v2\/media?parent=6097"}],"curies":[{"name":"wp","href":"https:\/\/api.w.org\/{rel}","templated":true}]}}